{"id":1779,"date":"2019-04-09T12:19:35","date_gmt":"2019-04-09T10:19:35","guid":{"rendered":"https:\/\/whr-wesel.de\/imprint\/"},"modified":"2023-12-12T08:11:46","modified_gmt":"2023-12-12T07:11:46","slug":"imprint","status":"publish","type":"page","link":"https:\/\/whr-wesel.de\/en\/imprint\/","title":{"rendered":"Imprint"},"content":{"rendered":"<p>[et_pb_section fb_built=&#8221;1&#8243; _builder_version=&#8221;4.16&#8243; global_colors_info=&#8221;{}&#8221;][et_pb_row _builder_version=&#8221;4.17.6&#8243; custom_padding=&#8221;0px||0px||false|false&#8221; global_colors_info=&#8221;{}&#8221;][et_pb_column type=&#8221;4_4&#8243; _builder_version=&#8221;4.16&#8243; custom_padding=&#8221;|||&#8221; global_colors_info=&#8221;{}&#8221; custom_padding__hover=&#8221;|||&#8221;][et_pb_text _builder_version=&#8221;4.23.1&#8243; hover_enabled=&#8221;0&#8243; global_colors_info=&#8221;{}&#8221; sticky_enabled=&#8221;0&#8243;]<\/p>\n<h1>Site Notice<\/h1>\n<p>&nbsp;<\/p>\n<h2>Information pursuant to Sect. 5 German Telemedia Act (TMG)<\/h2>\n<p>J\u00fcrgen Praest<br \/>Andreas Sch\u00fcrer<br \/>Kraftstrasse 6 &#8211; 8<br \/>46485 Wesel<\/p>\n<p>Commercial Register: HRB 34289<br \/>Registration court: Duisburg<\/p>\n<p><strong>Represented by:<br \/><\/strong>J\u00fcrgen Praest<br \/>Andreas Sch\u00fcrer<\/p>\n<h2>Contact<\/h2>\n<p>Phone:<br \/>+49 (0) 172 7609836<br \/>+49 (0) 172 9800317<br \/>E-mail: info@whr-wesel.de<\/p>\n<h2>VAT ID<\/h2>\n<p>Sales tax identification number according to Sect. 27 a of the Sales Tax Law:<br \/>DE347317591<\/p>\n<h2>EU dispute resolution<\/h2>\n<p>The European Commission provides a platform for online dispute resolution (ODR): <a href=\"https:\/\/ec.europa.eu\/consumers\/odr\/\" target=\"_blank\" rel=\"noopener noreferrer\">https:\/\/ec.europa.eu\/consumers\/odr\/<\/a>.<br \/>Our e-mail address can be found above in the site notice.<\/p>\n<h2>Dispute resolution proceedings in front of a consumer arbitration board<\/h2>\n<p>We are not willing or obliged to participate in dispute resolution proceedings in front of a consumer arbitration board.<\/p>\n<p>[\/et_pb_text][\/et_pb_column][\/et_pb_row][\/et_pb_section]<\/p>\n","protected":false},"excerpt":{"rendered":"<p>Site Notice &nbsp; Information pursuant to Sect. 5 German Telemedia Act (TMG) J\u00fcrgen PraestAndreas Sch\u00fcrerKraftstrasse 6 &#8211; 846485 Wesel Commercial Register: HRB 34289Registration court: Duisburg Represented by:J\u00fcrgen PraestAndreas Sch\u00fcrer Contact Phone:+49 (0) 172 7609836+49 (0) 172 9800317E-mail: info@whr-wesel.de VAT ID Sales tax identification number according to Sect. 27 a of the Sales Tax Law:DE347317591 EU [&hellip;]<\/p>\n","protected":false},"author":1,"featured_media":0,"parent":0,"menu_order":1100,"comment_status":"closed","ping_status":"closed","template":"","meta":{"_et_pb_use_builder":"on","_et_pb_old_content":"","_et_gb_content_width":"","inline_featured_image":false,"footnotes":""},"class_list":["post-1779","page","type-page","status-publish","hentry"],"yoast_head":"<!-- This site is optimized with the Yoast SEO plugin v26.5 - https:\/\/yoast.com\/wordpress\/plugins\/seo\/ -->\n<title>Imprint - WHR-Wesel<\/title>\n<meta name=\"robots\" content=\"index, follow, max-snippet:-1, max-image-preview:large, max-video-preview:-1\" \/>\n<link rel=\"canonical\" href=\"https:\/\/whr-wesel.de\/en\/imprint\/\" \/>\n<meta property=\"og:locale\" content=\"en_US\" \/>\n<meta property=\"og:type\" content=\"article\" \/>\n<meta property=\"og:title\" content=\"Imprint - WHR-Wesel\" \/>\n<meta property=\"og:description\" content=\"Site Notice &nbsp; Information pursuant to Sect. 5 German Telemedia Act (TMG) J\u00fcrgen PraestAndreas Sch\u00fcrerKraftstrasse 6 - 846485 Wesel Commercial Register: HRB 34289Registration court: Duisburg Represented by:J\u00fcrgen PraestAndreas Sch\u00fcrer Contact Phone:+49 (0) 172 7609836+49 (0) 172 9800317E-mail: info@whr-wesel.de VAT ID Sales tax identification number according to Sect. 27 a of the Sales Tax Law:DE347317591 EU [&hellip;]\" \/>\n<meta property=\"og:url\" content=\"https:\/\/whr-wesel.de\/en\/imprint\/\" \/>\n<meta property=\"og:site_name\" content=\"WHR-Wesel\" \/>\n<meta property=\"article:modified_time\" content=\"2023-12-12T07:11:46+00:00\" \/>\n<meta name=\"twitter:card\" content=\"summary_large_image\" \/>\n<meta name=\"twitter:label1\" content=\"Est. reading time\" \/>\n\t<meta name=\"twitter:data1\" content=\"1 minute\" \/>\n<script type=\"application\/ld+json\" class=\"yoast-schema-graph\">{\"@context\":\"https:\/\/schema.org\",\"@graph\":[{\"@type\":\"WebPage\",\"@id\":\"https:\/\/whr-wesel.de\/en\/imprint\/\",\"url\":\"https:\/\/whr-wesel.de\/en\/imprint\/\",\"name\":\"Imprint - WHR-Wesel\",\"isPartOf\":{\"@id\":\"https:\/\/whr-wesel.de\/#website\"},\"datePublished\":\"2019-04-09T10:19:35+00:00\",\"dateModified\":\"2023-12-12T07:11:46+00:00\",\"breadcrumb\":{\"@id\":\"https:\/\/whr-wesel.de\/en\/imprint\/#breadcrumb\"},\"inLanguage\":\"en-US\",\"potentialAction\":[{\"@type\":\"ReadAction\",\"target\":[\"https:\/\/whr-wesel.de\/en\/imprint\/\"]}]},{\"@type\":\"BreadcrumbList\",\"@id\":\"https:\/\/whr-wesel.de\/en\/imprint\/#breadcrumb\",\"itemListElement\":[{\"@type\":\"ListItem\",\"position\":1,\"name\":\"Home\",\"item\":\"https:\/\/whr-wesel.de\/en\/\"},{\"@type\":\"ListItem\",\"position\":2,\"name\":\"Imprint\"}]},{\"@type\":\"WebSite\",\"@id\":\"https:\/\/whr-wesel.de\/#website\",\"url\":\"https:\/\/whr-wesel.de\/\",\"name\":\"WHR-Wesel\",\"description\":\"\",\"potentialAction\":[{\"@type\":\"SearchAction\",\"target\":{\"@type\":\"EntryPoint\",\"urlTemplate\":\"https:\/\/whr-wesel.de\/?s={search_term_string}\"},\"query-input\":{\"@type\":\"PropertyValueSpecification\",\"valueRequired\":true,\"valueName\":\"search_term_string\"}}],\"inLanguage\":\"en-US\"}]}<\/script>\n<!-- \/ Yoast SEO plugin. -->","yoast_head_json":{"title":"Imprint - WHR-Wesel","robots":{"index":"index","follow":"follow","max-snippet":"max-snippet:-1","max-image-preview":"max-image-preview:large","max-video-preview":"max-video-preview:-1"},"canonical":"https:\/\/whr-wesel.de\/en\/imprint\/","og_locale":"en_US","og_type":"article","og_title":"Imprint - WHR-Wesel","og_description":"Site Notice &nbsp; Information pursuant to Sect. 5 German Telemedia Act (TMG) J\u00fcrgen PraestAndreas Sch\u00fcrerKraftstrasse 6 - 846485 Wesel Commercial Register: HRB 34289Registration court: Duisburg Represented by:J\u00fcrgen PraestAndreas Sch\u00fcrer Contact Phone:+49 (0) 172 7609836+49 (0) 172 9800317E-mail: info@whr-wesel.de VAT ID Sales tax identification number according to Sect. 27 a of the Sales Tax Law:DE347317591 EU [&hellip;]","og_url":"https:\/\/whr-wesel.de\/en\/imprint\/","og_site_name":"WHR-Wesel","article_modified_time":"2023-12-12T07:11:46+00:00","twitter_card":"summary_large_image","twitter_misc":{"Est. reading time":"1 minute"},"schema":{"@context":"https:\/\/schema.org","@graph":[{"@type":"WebPage","@id":"https:\/\/whr-wesel.de\/en\/imprint\/","url":"https:\/\/whr-wesel.de\/en\/imprint\/","name":"Imprint - WHR-Wesel","isPartOf":{"@id":"https:\/\/whr-wesel.de\/#website"},"datePublished":"2019-04-09T10:19:35+00:00","dateModified":"2023-12-12T07:11:46+00:00","breadcrumb":{"@id":"https:\/\/whr-wesel.de\/en\/imprint\/#breadcrumb"},"inLanguage":"en-US","potentialAction":[{"@type":"ReadAction","target":["https:\/\/whr-wesel.de\/en\/imprint\/"]}]},{"@type":"BreadcrumbList","@id":"https:\/\/whr-wesel.de\/en\/imprint\/#breadcrumb","itemListElement":[{"@type":"ListItem","position":1,"name":"Home","item":"https:\/\/whr-wesel.de\/en\/"},{"@type":"ListItem","position":2,"name":"Imprint"}]},{"@type":"WebSite","@id":"https:\/\/whr-wesel.de\/#website","url":"https:\/\/whr-wesel.de\/","name":"WHR-Wesel","description":"","potentialAction":[{"@type":"SearchAction","target":{"@type":"EntryPoint","urlTemplate":"https:\/\/whr-wesel.de\/?s={search_term_string}"},"query-input":{"@type":"PropertyValueSpecification","valueRequired":true,"valueName":"search_term_string"}}],"inLanguage":"en-US"}]}},"_links":{"self":[{"href":"https:\/\/whr-wesel.de\/en\/wp-json\/wp\/v2\/pages\/1779","targetHints":{"allow":["GET"]}}],"collection":[{"href":"https:\/\/whr-wesel.de\/en\/wp-json\/wp\/v2\/pages"}],"about":[{"href":"https:\/\/whr-wesel.de\/en\/wp-json\/wp\/v2\/types\/page"}],"author":[{"embeddable":true,"href":"https:\/\/whr-wesel.de\/en\/wp-json\/wp\/v2\/users\/1"}],"replies":[{"embeddable":true,"href":"https:\/\/whr-wesel.de\/en\/wp-json\/wp\/v2\/comments?post=1779"}],"version-history":[{"count":8,"href":"https:\/\/whr-wesel.de\/en\/wp-json\/wp\/v2\/pages\/1779\/revisions"}],"predecessor-version":[{"id":1917,"href":"https:\/\/whr-wesel.de\/en\/wp-json\/wp\/v2\/pages\/1779\/revisions\/1917"}],"wp:attachment":[{"href":"https:\/\/whr-wesel.de\/en\/wp-json\/wp\/v2\/media?parent=1779"}],"curies":[{"name":"wp","href":"https:\/\/api.w.org\/{rel}","templated":true}]}}